{"id":277,"date":"2022-08-30T09:06:58","date_gmt":"2022-08-30T09:06:58","guid":{"rendered":"https:\/\/paveldopita.cz\/?page_id=277"},"modified":"2024-09-19T08:07:35","modified_gmt":"2024-09-19T08:07:35","slug":"volebni-program","status":"publish","type":"page","link":"https:\/\/paveldopita.cz\/index.php\/volebni-program\/","title":{"rendered":"Volebn\u00ed program"},"content":{"rendered":"\n<p><\/p>\n\n\n\n<h2>Sen\u00e1tn\u00ed volby<\/h2>\n\n\n\n<p>Zde ok\u00e1\u017ei na \u010dl\u00e1nek pr\u00e1v\u011b k sen\u00e1tn\u00edm volb\u00e1m:<\/p>\n\n\n\n<figure class=\"wp-block-embed is-type-wp-embed is-provider-vlozeni wp-block-embed-vlozeni\"><div class=\"wp-block-embed__wrapper\">\n<blockquote class=\"wp-embedded-content\" data-secret=\"6plsEYKngh\"><a href=\"https:\/\/paveldopita.cz\/index.php\/2024\/09\/18\/s-podporou-vlasteneckych-stran\/\">S podporou vlasteneck\u00fdch stran<\/a><\/blockquote><iframe class=\"wp-embedded-content\" sandbox=\"allow-scripts\" security=\"restricted\" style=\"position: absolute; clip: rect(1px, 1px, 1px, 1px);\" title=\"&#8222;S podporou vlasteneck\u00fdch stran&#8220; &#8212; \" src=\"https:\/\/paveldopita.cz\/index.php\/2024\/09\/18\/s-podporou-vlasteneckych-stran\/embed\/#?secret=F2JkNUlvZb#?secret=6plsEYKngh\" data-secret=\"6plsEYKngh\" width=\"600\" height=\"338\" frameborder=\"0\" marginwidth=\"0\" marginheight=\"0\" scrolling=\"no\"><\/iframe>\n<\/div><\/figure>\n\n\n\n<p><\/p>\n\n\n\n<h2>Komun\u00e1ln\u00ed volby<\/h2>\n\n\n\n<p><strong>PODPO\u0158\u00cdME<\/strong><\/p>\n\n\n\n<ul><li>Bezpe\u010dn\u00e9 ulice. Zejm\u00e9na n\u00e1m. E Husserla a n\u00e1m. Spojenc\u016f, ale i jinde ve m\u011bst\u011b. <\/li><li>Nov\u00e9 mo\u017enosti kamerov\u00e9ho syst\u00e9mu. Bezpe\u010d\u00ed vytv\u00e1\u0159\u00ed spokojenost. <\/li><li>Zefektivn\u011bn\u00ed dopravn\u00ed obslu\u017enosti, n\u00e1vaznost vlakov\u00e9 a autobusov\u00e9 dopravy.<\/li><li>Syst\u00e9mov\u00e9 \u0159e\u0161en\u00ed parkov\u00e1n\u00ed nejen v centru m\u011bsta. <\/li><li>V\u00edce zelen\u011b v centru m\u011bsta, nov\u00e1 sportovi\u0161t\u011b nejen pro d\u011bti. <\/li><li>Aktivn\u011b \u0159e\u0161\u00edme komun\u00e1ln\u00ed odpad, podporujeme jeho t\u0159\u00edd\u011bn\u00ed a dal\u0161\u00ed vyu\u017eit\u00ed.<\/li><li>Podporujeme kotelny na TAP a t\u00edm \u00fasporu energi\u00ed. <\/li><li>Dobudov\u00e1n cyklostezek s d\u016frazem na jejich prov\u00e1zanost i mimo hranice katastru. <\/li><li>Nezvy\u0161ov\u00e1n\u00ed dan\u00ed majitel\u016fm nemovitost\u00ed po dobu 5 let. <\/li><li>Startovac\u00ed byty pro mlad\u00e9 rodiny. Mus\u00edme je udr\u017eet ve m\u011bst\u011b.<\/li><li>N\u00e1vrat mo\u017enosti vysoko\u0161kolsk\u00e9ho vzd\u011bl\u00e1n\u00ed v na\u0161em m\u011bst\u011b.<\/li><li>Rozvoj turistick\u00e9ho ruchu a zv\u00fd\u0161en\u00ed atraktivity m\u011bsta.<\/li><\/ul>\n\n\n\n<p><strong>\u0158EKNEME J\u00c1SN\u00c9 NE!<\/strong><\/p>\n\n\n\n<ul id=\"block-91790b7a-3e5f-474b-b7f9-c759174a0bcd\"><li>Kriminalit\u011b a mikroteroru nep\u0159izp\u016fsobiv\u00fdch ob\u010dan\u016f.<\/li><li>\u0160\u00ed\u0159en\u00ed drog na na\u0161ich \u0161kol\u00e1ch.<\/li><li>Dal\u0161\u00edmu ub\u00edr\u00e1n\u00ed zelen\u011b v centru m\u011bsta.<\/li><li>Nesyst\u00e9mov\u00fdm opat\u0159en\u00edm v doprav\u011b. Uzav\u00edrky mus\u00ed zachovat pr\u016fjezdnost<\/li><li>Nepromy\u0161len\u00e9 inkluzi ve \u0161kolstv\u00ed. Vzd\u011bl\u00e1n\u00ed je na\u0161e budoucnost!<\/li><li>V\u0161emu, co ohro\u017euje zdrav\u00ed na\u0161ich ob\u010dan\u016f.<\/li><\/ul>\n","protected":false},"excerpt":{"rendered":"<p>Sen\u00e1tn\u00ed volby Zde ok\u00e1\u017ei na \u010dl\u00e1nek pr\u00e1v\u011b k sen\u00e1tn\u00edm volb\u00e1m: Komun\u00e1ln\u00ed volby PODPO\u0158\u00cdME Bezpe\u010dn\u00e9 ulice. Zejm\u00e9na n\u00e1m. E Husserla a&hellip; <a class=\"read-more\" href=\"https:\/\/paveldopita.cz\/index.php\/volebni-program\/\">Pokra\u010dovat ve \u010dten\u00ed<\/a><\/p>\n","protected":false},"author":1,"featured_media":0,"parent":0,"menu_order":0,"comment_status":"closed","ping_status":"closed","template":"","meta":[],"_links":{"self":[{"href":"https:\/\/paveldopita.cz\/index.php\/wp-json\/wp\/v2\/pages\/277"}],"collection":[{"href":"https:\/\/paveldopita.cz\/index.php\/wp-json\/wp\/v2\/pages"}],"about":[{"href":"https:\/\/paveldopita.cz\/index.php\/wp-json\/wp\/v2\/types\/page"}],"author":[{"embeddable":true,"href":"https:\/\/paveldopita.cz\/index.php\/wp-json\/wp\/v2\/users\/1"}],"replies":[{"embeddable":true,"href":"https:\/\/paveldopita.cz\/index.php\/wp-json\/wp\/v2\/comments?post=277"}],"version-history":[{"count":4,"href":"https:\/\/paveldopita.cz\/index.php\/wp-json\/wp\/v2\/pages\/277\/revisions"}],"predecessor-version":[{"id":697,"href":"https:\/\/paveldopita.cz\/index.php\/wp-json\/wp\/v2\/pages\/277\/revisions\/697"}],"wp:attachment":[{"href":"https:\/\/paveldopita.cz\/index.php\/wp-json\/wp\/v2\/media?parent=277"}],"curies":[{"name":"wp","href":"https:\/\/api.w.org\/{rel}","templated":true}]}}