{"id":34,"date":"2020-11-29T22:48:19","date_gmt":"2020-11-29T22:48:19","guid":{"rendered":"https:\/\/paveldopita.cz\/?page_id=34"},"modified":"2024-09-18T19:32:40","modified_gmt":"2024-09-18T19:32:40","slug":"kontakt","status":"publish","type":"page","link":"https:\/\/paveldopita.cz\/index.php\/kontakt\/","title":{"rendered":"Kontakt"},"content":{"rendered":"\n<p>Ing. Pavel Dopita, LL.M., MBA<br>spd@paveldopita.cz<br>pavel.dopita@atlas.cz<br>+420 777 844 365<\/p>\n\n\n\n<p>osobn\u00ed facebookov\u00e9 str\u00e1nky:<\/p>\n\n\n\n<p><a href=\"https:\/\/www.facebook.com\/pavel.dopita\/\">https:\/\/www.facebook.com\/pavel.dopita\/<\/a><\/p>\n\n\n\n<p>politick\u00e9 facebookov\u00e9 str\u00e1nky:<\/p>\n\n\n\n<p><a href=\"https:\/\/www.facebook.com\/dopitapavel\">https:\/\/www.facebook.com\/dopitapavel<\/a><\/p>\n\n\n\n<p>str\u00e1nky SPD Prost\u011bjov:<\/p>\n\n\n\n<p><a href=\"https:\/\/www.facebook.com\/spdprostejov\">https:\/\/www.facebook.com\/spdprostejov<\/a><\/p>\n\n\n\n<p><\/p>\n\n\n\n<p>ofici\u00e1ln\u00ed fotografie pro m\u00e9dia:<\/p>\n\n\n\n<figure class=\"wp-block-image size-large\"><img loading=\"lazy\" width=\"819\" height=\"1024\" src=\"https:\/\/paveldopita.cz\/wp-content\/uploads\/2024\/09\/paja_2024-3_pp-819x1024.jpg\" alt=\"Pavel Dopita do Sen\u00e1tu\" class=\"wp-image-678\" srcset=\"https:\/\/paveldopita.cz\/wp-content\/uploads\/2024\/09\/paja_2024-3_pp-819x1024.jpg 819w, https:\/\/paveldopita.cz\/wp-content\/uploads\/2024\/09\/paja_2024-3_pp-240x300.jpg 240w, https:\/\/paveldopita.cz\/wp-content\/uploads\/2024\/09\/paja_2024-3_pp-768x960.jpg 768w, https:\/\/paveldopita.cz\/wp-content\/uploads\/2024\/09\/paja_2024-3_pp-1229x1536.jpg 1229w, https:\/\/paveldopita.cz\/wp-content\/uploads\/2024\/09\/paja_2024-3_pp.jpg 1244w\" sizes=\"(max-width: 819px) 100vw, 819px\" \/><figcaption>Pavel Dopita do Sen\u00e1tu P\u010cR<\/figcaption><\/figure>\n","protected":false},"excerpt":{"rendered":"<p>Ing. Pavel Dopita, LL.M., MBAspd@paveldopita.czpavel.dopita@atlas.cz+420 777 844 365 osobn\u00ed facebookov\u00e9 str\u00e1nky: https:\/\/www.facebook.com\/pavel.dopita\/ politick\u00e9 facebookov\u00e9 str\u00e1nky: https:\/\/www.facebook.com\/dopitapavel str\u00e1nky SPD Prost\u011bjov: https:\/\/www.facebook.com\/spdprostejov&hellip; <a class=\"read-more\" href=\"https:\/\/paveldopita.cz\/index.php\/kontakt\/\">Pokra\u010dovat ve \u010dten\u00ed<\/a><\/p>\n","protected":false},"author":1,"featured_media":0,"parent":0,"menu_order":0,"comment_status":"closed","ping_status":"closed","template":"","meta":[],"_links":{"self":[{"href":"https:\/\/paveldopita.cz\/index.php\/wp-json\/wp\/v2\/pages\/34"}],"collection":[{"href":"https:\/\/paveldopita.cz\/index.php\/wp-json\/wp\/v2\/pages"}],"about":[{"href":"https:\/\/paveldopita.cz\/index.php\/wp-json\/wp\/v2\/types\/page"}],"author":[{"embeddable":true,"href":"https:\/\/paveldopita.cz\/index.php\/wp-json\/wp\/v2\/users\/1"}],"replies":[{"embeddable":true,"href":"https:\/\/paveldopita.cz\/index.php\/wp-json\/wp\/v2\/comments?post=34"}],"version-history":[{"count":8,"href":"https:\/\/paveldopita.cz\/index.php\/wp-json\/wp\/v2\/pages\/34\/revisions"}],"predecessor-version":[{"id":682,"href":"https:\/\/paveldopita.cz\/index.php\/wp-json\/wp\/v2\/pages\/34\/revisions\/682"}],"wp:attachment":[{"href":"https:\/\/paveldopita.cz\/index.php\/wp-json\/wp\/v2\/media?parent=34"}],"curies":[{"name":"wp","href":"https:\/\/api.w.org\/{rel}","templated":true}]}}