{"id":633,"date":"2024-07-30T11:53:08","date_gmt":"2024-07-30T11:53:08","guid":{"rendered":"https:\/\/paveldopita.cz\/?page_id=633"},"modified":"2024-11-19T13:16:17","modified_gmt":"2024-11-19T13:16:17","slug":"ceska-republika-za-mir","status":"publish","type":"page","link":"https:\/\/paveldopita.cz\/index.php\/ceska-republika-za-mir\/","title":{"rendered":"\u010cesk\u00e1 republika za m\u00edr"},"content":{"rendered":"\n<p>Jedn\u00e1 se o voln\u00e9 uskupen\u00ed lid\u00ed, kte\u0159\u00ed od roku 2023 po\u0159\u00e1daj\u00ed v Prost\u011bjov\u011b Pochody za m\u00edr. Prvn\u00ed se uskute\u010dnil v b\u0159eznu 2023 a \u00fa\u010dast v\u0161echny p\u0159ekvapila. V tu dobu vznikla na soci\u00e1ln\u00edch s\u00edt\u00edch pr\u00e1v\u011b skupina \u010cesk\u00e1 republika za m\u00edr. Zde vid\u00edte kol\u00e1\u017e fotografi\u00ed z prvn\u00edho pochodu.<\/p>\n\n\n\n<figure class=\"wp-block-image size-large\"><img loading=\"lazy\" width=\"1024\" height=\"585\" src=\"https:\/\/paveldopita.cz\/wp-content\/uploads\/2024\/07\/pochzm1-1024x585.jpg\" alt=\"\u010cesk\u00e1 republika za m\u00edr - Pochod za m\u00edr\" class=\"wp-image-640\" srcset=\"https:\/\/paveldopita.cz\/wp-content\/uploads\/2024\/07\/pochzm1-1024x585.jpg 1024w, https:\/\/paveldopita.cz\/wp-content\/uploads\/2024\/07\/pochzm1-300x171.jpg 300w, https:\/\/paveldopita.cz\/wp-content\/uploads\/2024\/07\/pochzm1-768x439.jpg 768w, https:\/\/paveldopita.cz\/wp-content\/uploads\/2024\/07\/pochzm1-1536x878.jpg 1536w, https:\/\/paveldopita.cz\/wp-content\/uploads\/2024\/07\/pochzm1.jpg 2048w\" sizes=\"(max-width: 1024px) 100vw, 1024px\" \/><\/figure>\n\n\n\n<p>Na podzim se pak konal v r\u00e1mci v\u00fdro\u010d\u00ed 28. \u0159\u00edjna happening ve Smetanov\u00fdch sadech, kter\u00fd navazoval na Sokolsk\u00fd b\u011bh republiky. \u00da\u010dast byla ji\u017e men\u0161\u00ed, ale zato z v\u00edce stran. P\u0159ipojila se KS\u010cM. Dal\u0161\u00ed pochod se konal v kv\u011btnu 2024. Op\u011bt za hojn\u00e9 \u00fa\u010dasti. Ostatn\u011b n\u00e1hledov\u00e1 fotografie t\u00e9to str\u00e1nky je pr\u00e1v\u011b z t\u00e9to akce.<\/p>\n\n\n\n<figure class=\"wp-block-image size-large\"><img loading=\"lazy\" width=\"1024\" height=\"696\" src=\"https:\/\/paveldopita.cz\/wp-content\/uploads\/2024\/07\/pochzm2-1024x696.jpg\" alt=\"\u010cesk\u00e1 republika za m\u00edr - Pochod za m\u00edr\" class=\"wp-image-642\" srcset=\"https:\/\/paveldopita.cz\/wp-content\/uploads\/2024\/07\/pochzm2-1024x696.jpg 1024w, https:\/\/paveldopita.cz\/wp-content\/uploads\/2024\/07\/pochzm2-300x204.jpg 300w, https:\/\/paveldopita.cz\/wp-content\/uploads\/2024\/07\/pochzm2-768x522.jpg 768w, https:\/\/paveldopita.cz\/wp-content\/uploads\/2024\/07\/pochzm2-1536x1044.jpg 1536w, https:\/\/paveldopita.cz\/wp-content\/uploads\/2024\/07\/pochzm2.jpg 1765w\" sizes=\"(max-width: 1024px) 100vw, 1024px\" \/><\/figure>\n\n\n\n<p>Aktu\u00e1ln\u011b p\u0159ipravujeme dal\u0161\u00ed Pochod za m\u00edr! na z\u00e1\u0159\u00ed 2024 kdy skupina \u010cesk\u00e1 republika za m\u00edr p\u0159edstav\u00ed sv\u00e9 nov\u00e9 logo. Vyu\u017eita je jak \u010desk\u00e1 vlajka, tak voln\u011b pou\u017eiteln\u00e1 holubice.<\/p>\n\n\n\n<figure class=\"wp-block-image size-full\"><img loading=\"lazy\" width=\"400\" height=\"400\" src=\"https:\/\/paveldopita.cz\/wp-content\/uploads\/2024\/07\/ceskarepublikazamir400.jpg\" alt=\"\u010cesk\u00e1 republika za m\u00edr\" class=\"wp-image-643\" srcset=\"https:\/\/paveldopita.cz\/wp-content\/uploads\/2024\/07\/ceskarepublikazamir400.jpg 400w, https:\/\/paveldopita.cz\/wp-content\/uploads\/2024\/07\/ceskarepublikazamir400-300x300.jpg 300w, https:\/\/paveldopita.cz\/wp-content\/uploads\/2024\/07\/ceskarepublikazamir400-150x150.jpg 150w\" sizes=\"(max-width: 400px) 100vw, 400px\" \/><\/figure>\n\n\n\n<p>Pro oby\u010dejn\u00e9 lidi neexistuje ve v\u00e1lce v\u00edt\u011bzstv\u00ed. Prohr\u00e1vaj\u00ed v\u0161ichni a plat\u00ed tou nejv\u011bt\u0161\u00ed cenou.<\/p>\n\n\n\n<p>Aktu\u00e1ln\u00ed pozv\u00e1nka:<\/p>\n\n\n\n<figure class=\"wp-block-image size-large\"><img loading=\"lazy\" width=\"1024\" height=\"741\" src=\"https:\/\/paveldopita.cz\/wp-content\/uploads\/2024\/11\/cesrepzamir20241117-1800-1024x741.jpg\" alt=\"\" class=\"wp-image-776\" srcset=\"https:\/\/paveldopita.cz\/wp-content\/uploads\/2024\/11\/cesrepzamir20241117-1800-1024x741.jpg 1024w, https:\/\/paveldopita.cz\/wp-content\/uploads\/2024\/11\/cesrepzamir20241117-1800-300x217.jpg 300w, https:\/\/paveldopita.cz\/wp-content\/uploads\/2024\/11\/cesrepzamir20241117-1800-768x556.jpg 768w, https:\/\/paveldopita.cz\/wp-content\/uploads\/2024\/11\/cesrepzamir20241117-1800-1536x1112.jpg 1536w, https:\/\/paveldopita.cz\/wp-content\/uploads\/2024\/11\/cesrepzamir20241117-1800.jpg 1800w\" sizes=\"(max-width: 1024px) 100vw, 1024px\" \/><\/figure>\n\n\n\n<p>Pozv\u00e1nka na Pochod za m\u00edr<\/p>\n\n\n\n<figure class=\"wp-block-image size-large\"><img loading=\"lazy\" width=\"1024\" height=\"473\" src=\"https:\/\/paveldopita.cz\/wp-content\/uploads\/2024\/11\/pochodzamir-1024x473.jpg\" alt=\"Pavel Dopita - Pochod za m\u00edr\" class=\"wp-image-790\" srcset=\"https:\/\/paveldopita.cz\/wp-content\/uploads\/2024\/11\/pochodzamir-1024x473.jpg 1024w, https:\/\/paveldopita.cz\/wp-content\/uploads\/2024\/11\/pochodzamir-300x139.jpg 300w, https:\/\/paveldopita.cz\/wp-content\/uploads\/2024\/11\/pochodzamir-768x355.jpg 768w, https:\/\/paveldopita.cz\/wp-content\/uploads\/2024\/11\/pochodzamir-1536x710.jpg 1536w, https:\/\/paveldopita.cz\/wp-content\/uploads\/2024\/11\/pochodzamir-2048x946.jpg 2048w\" sizes=\"(max-width: 1024px) 100vw, 1024px\" \/><figcaption>Pavel Dopita &#8211; Pochod za m\u00edr<\/figcaption><\/figure>\n\n\n\n<p>Pochod za m\u00edr &#8211; 17. listopadu 2024 byl sice komorn\u00ed, ale v p\u0159\u00e1telsk\u00e9 atmosf\u00e9\u0159e.<\/p>\n","protected":false},"excerpt":{"rendered":"<p>Jedn\u00e1 se o voln\u00e9 uskupen\u00ed lid\u00ed, kte\u0159\u00ed od roku 2023 po\u0159\u00e1daj\u00ed v Prost\u011bjov\u011b Pochody za m\u00edr. Prvn\u00ed se uskute\u010dnil v&hellip; <a class=\"read-more\" href=\"https:\/\/paveldopita.cz\/index.php\/ceska-republika-za-mir\/\">Pokra\u010dovat ve \u010dten\u00ed<\/a><\/p>\n","protected":false},"author":1,"featured_media":637,"parent":0,"menu_order":0,"comment_status":"closed","ping_status":"closed","template":"","meta":[],"_links":{"self":[{"href":"https:\/\/paveldopita.cz\/index.php\/wp-json\/wp\/v2\/pages\/633"}],"collection":[{"href":"https:\/\/paveldopita.cz\/index.php\/wp-json\/wp\/v2\/pages"}],"about":[{"href":"https:\/\/paveldopita.cz\/index.php\/wp-json\/wp\/v2\/types\/page"}],"author":[{"embeddable":true,"href":"https:\/\/paveldopita.cz\/index.php\/wp-json\/wp\/v2\/users\/1"}],"replies":[{"embeddable":true,"href":"https:\/\/paveldopita.cz\/index.php\/wp-json\/wp\/v2\/comments?post=633"}],"version-history":[{"count":10,"href":"https:\/\/paveldopita.cz\/index.php\/wp-json\/wp\/v2\/pages\/633\/revisions"}],"predecessor-version":[{"id":793,"href":"https:\/\/paveldopita.cz\/index.php\/wp-json\/wp\/v2\/pages\/633\/revisions\/793"}],"wp:featuredmedia":[{"embeddable":true,"href":"https:\/\/paveldopita.cz\/index.php\/wp-json\/wp\/v2\/media\/637"}],"wp:attachment":[{"href":"https:\/\/paveldopita.cz\/index.php\/wp-json\/wp\/v2\/media?parent=633"}],"curies":[{"name":"wp","href":"https:\/\/api.w.org\/{rel}","templated":true}]}}